{"id":3680,"date":"2020-04-17T14:24:12","date_gmt":"2020-04-17T14:24:12","guid":{"rendered":"https:\/\/apps.oqtradetech.com\/producto\/indicador-trend-dashboard\/"},"modified":"2025-03-16T00:34:46","modified_gmt":"2025-03-16T00:34:46","slug":"indicator-trend-dashboard","status":"publish","type":"product","link":"https:\/\/apps.oqtradetech.com\/en\/apps\/indicator-trend-dashboard\/","title":{"rendered":"Indicador Trend Dashboard"},"content":{"rendered":"<p>It is no longer necessary to waste time creating several indicator configurations in many charts and time frames. The Trend Dashboard Indicator provides a consolidated view of the analysis made with the most common trend indicators. For each indicator we apply their most used interpretation.\u00a0 It can display an uptrend (green arrow), downtrend (red arrow) or a neutral movement (white arrow). The dashboard also has a function that makes the arrows blink when the trend is stronger.<\/p>\n<p><strong>Par\u00e1metros:<\/strong> El usuario puede activar o desactivar los patrones que el indicador debe resaltar con la opci\u00f3n de True\/False.<\/p>\n<ul>\n<li>MACD Fast EMA \u2013 especifica el n\u00famero de periodos utilizados para el EMA r\u00e1pido del MACD.<\/li>\n<li>MACD Slow EMA \u2013 especifica el n\u00famero de periodos utilizados para el EMA lento del MACD.<\/li>\n<li>MACD Signal SMA \u2013 especifica el n\u00famero de periodos utilizados para el SMA del MACD<\/li>\n<li>MACD Range \u2013 especifica el n\u00famero de pips de diferencia entre el MACD y la l\u00ednea de se\u00f1al<\/li>\n<li>RSI Period \u2013 especifica el n\u00famero de periodos utilizados para el RSI<\/li>\n<li>RSI Max \u2013 especifica el nivel superior del RSI<\/li>\n<li>RSI Min \u2013 especifica el nivel inferior del RSI<\/li>\n<li>W&amp;R Period \u2013 especifica el n\u00famero de periodos utilizados para calculary Williams Percent Range<\/li>\n<li>Positions of the Trend Table \u2013 Left\/Center\/Right (Izquierda\/Centro\/Derecha), especifica la ubicaci\u00f3n del tablero en el gr\u00e1fico.<\/li>\n<li>Boll Period \u2013 especifica el n\u00famero de periodos utilizado para calcular Bollinger Bands.<\/li>\n<li>Boll deviation \u2013 specifies the number of deviations used with Bollinger bands<\/li>\n<li>Auto resize \u2013 True\/False, especifica si el tama\u00f1o del tablero cambia automaticamente de acuerdo al tama\u00f1o del gr\u00e1fico.<\/li>\n<li>Size of table \u2013 Small\/Median\/Large (Peque\u00f1o\/Mediano\/Grande), especifica el tama\u00f1o del tablero.<\/li>\n<li>Font Color \u2013 especifica el color de la letra de la etiquetas en el tablero.<\/li>\n<\/ul>\n<p><strong>Requerimientos de Software:<\/strong> Windows OS, plataforma descargable Metatrader 4<\/p>\n","protected":false},"excerpt":{"rendered":"<p>This tool gives you the most commonly used trend indicators combined into one simple dashboard. It gives you a consolidated view of possible trends starting, with a multiple time frame analysis.<\/p>\n","protected":false},"featured_media":3574,"comment_status":"open","ping_status":"closed","template":"","meta":{"site-sidebar-layout":"default","site-content-layout":"default","ast-site-content-layout":"default","site-content-style":"default","site-sidebar-style":"default","ast-global-header-display":"","ast-banner-title-visibility":"","ast-main-header-display":"","ast-hfb-above-header-display":"","ast-hfb-below-header-display":"","ast-hfb-mobile-header-display":"","site-post-title":"","ast-breadcrumbs-content":"","ast-featured-img":"","footer-sml-layout":"","theme-transparent-header-meta":"default","adv-header-id-meta":"","stick-header-meta":"default","header-above-stick-meta":"","header-main-stick-meta":"","header-below-stick-meta":"","astra-migrate-meta-layouts":"default","ast-page-background-enabled":"default","ast-page-background-meta":{"desktop":{"background-color":"var(--ast-global-color-4)","background-image":"","background-repeat":"repeat","background-position":"center center","background-size":"auto","background-attachment":"scroll","background-type":"","background-media":"","overlay-type":"","overlay-color":"","overlay-opacity":"","overlay-gradient":""},"tablet":{"background-color":"","background-image":"","background-repeat":"repeat","background-position":"center center","background-size":"auto","background-attachment":"scroll","background-type":"","background-media":"","overlay-type":"","overlay-color":"","overlay-opacity":"","overlay-gradient":""},"mobile":{"background-color":"","background-image":"","background-repeat":"repeat","background-position":"center center","background-size":"auto","background-attachment":"scroll","background-type":"","background-media":"","overlay-type":"","overlay-color":"","overlay-opacity":"","overlay-gradient":""}},"ast-content-background-meta":{"desktop":{"background-color":"var(--ast-global-color-5)","background-image":"","background-repeat":"repeat","background-position":"center center","background-size":"auto","background-attachment":"scroll","background-type":"","background-media":"","overlay-type":"","overlay-color":"","overlay-opacity":"","overlay-gradient":""},"tablet":{"background-color":"var(--ast-global-color-5)","background-image":"","background-repeat":"repeat","background-position":"center center","background-size":"auto","background-attachment":"scroll","background-type":"","background-media":"","overlay-type":"","overlay-color":"","overlay-opacity":"","overlay-gradient":""},"mobile":{"background-color":"var(--ast-global-color-5)","background-image":"","background-repeat":"repeat","background-position":"center center","background-size":"auto","background-attachment":"scroll","background-type":"","background-media":"","overlay-type":"","overlay-color":"","overlay-opacity":"","overlay-gradient":""}}},"product_brand":[],"product_cat":[65,63],"product_tag":[],"class_list":{"0":"post-3680","1":"product","2":"type-product","3":"status-publish","4":"has-post-thumbnail","6":"product_cat-indicators-mt4","7":"product_cat-metatrader-4-en","8":"desktop-align-left","9":"tablet-align-left","10":"mobile-align-left","11":"ast-product-gallery-layout-horizontal","12":"ast-product-gallery-with-no-image","13":"ast-product-tabs-layout-horizontal","15":"first","16":"instock","17":"featured","18":"downloadable","19":"virtual","20":"sold-individually","21":"purchasable","22":"product-type-simple"},"yoast_head":"<!-- This site is optimized with the Yoast SEO plugin v27.4 - https:\/\/yoast.com\/product\/yoast-seo-wordpress\/ -->\n<title>Indicador Trend Dashboard - OQ Trading Technology<\/title>\n<meta name=\"description\" content=\"It is no longer necessary to waste time creating several indicator configurations in many charts and time frames. The Trend Dashboard Indicator provides a consolidated view of the analysis made with the most common trend indicators.\" \/>\n<meta name=\"robots\" content=\"index, follow, max-snippet:-1, max-image-preview:large, max-video-preview:-1\" \/>\n<link rel=\"canonical\" href=\"https:\/\/apps.oqtradetech.com\/en\/apps\/indicator-trend-dashboard\/\" \/>\n<meta property=\"og:locale\" content=\"en_US\" \/>\n<meta property=\"og:type\" content=\"article\" \/>\n<meta property=\"og:title\" content=\"Indicador Trend Dashboard - OQ Trading Technology\" \/>\n<meta property=\"og:description\" content=\"It is no longer necessary to waste time creating several indicator configurations in many charts and time frames. The Trend Dashboard Indicator provides a consolidated view of the analysis made with the most common trend indicators.\" \/>\n<meta property=\"og:url\" content=\"https:\/\/apps.oqtradetech.com\/en\/apps\/indicator-trend-dashboard\/\" \/>\n<meta property=\"og:site_name\" content=\"OQ Trading Technology\" \/>\n<meta property=\"article:modified_time\" content=\"2025-03-16T00:34:46+00:00\" \/>\n<meta property=\"og:image\" content=\"https:\/\/apps.oqtradetech.com\/wp-content\/uploads\/TrendDashboard-1.png\" \/>\n\t<meta property=\"og:image:width\" content=\"1132\" \/>\n\t<meta property=\"og:image:height\" content=\"699\" \/>\n\t<meta property=\"og:image:type\" content=\"image\/png\" \/>\n<meta name=\"twitter:card\" content=\"summary_large_image\" \/>\n<meta name=\"twitter:label1\" content=\"Est. reading time\" \/>\n\t<meta name=\"twitter:data1\" content=\"2 minutes\" \/>\n<script type=\"application\/ld+json\" class=\"yoast-schema-graph\">{\"@context\":\"https:\\\/\\\/schema.org\",\"@graph\":[{\"@type\":\"WebPage\",\"@id\":\"https:\\\/\\\/apps.oqtradetech.com\\\/en\\\/apps\\\/indicator-trend-dashboard\\\/\",\"url\":\"https:\\\/\\\/apps.oqtradetech.com\\\/en\\\/apps\\\/indicator-trend-dashboard\\\/\",\"name\":\"Indicador Trend Dashboard - OQ Trading Technology\",\"isPartOf\":{\"@id\":\"https:\\\/\\\/apps.oqtradetech.com\\\/en\\\/#website\"},\"primaryImageOfPage\":{\"@id\":\"https:\\\/\\\/apps.oqtradetech.com\\\/en\\\/apps\\\/indicator-trend-dashboard\\\/#primaryimage\"},\"image\":{\"@id\":\"https:\\\/\\\/apps.oqtradetech.com\\\/en\\\/apps\\\/indicator-trend-dashboard\\\/#primaryimage\"},\"thumbnailUrl\":\"https:\\\/\\\/apps.oqtradetech.com\\\/wp-content\\\/uploads\\\/TrendDashboard-1.png\",\"datePublished\":\"2020-04-17T14:24:12+00:00\",\"dateModified\":\"2025-03-16T00:34:46+00:00\",\"description\":\"It is no longer necessary to waste time creating several indicator configurations in many charts and time frames. The Trend Dashboard Indicator provides a consolidated view of the analysis made with the most common trend indicators.\",\"breadcrumb\":{\"@id\":\"https:\\\/\\\/apps.oqtradetech.com\\\/en\\\/apps\\\/indicator-trend-dashboard\\\/#breadcrumb\"},\"inLanguage\":\"en-US\",\"potentialAction\":[{\"@type\":\"ReadAction\",\"target\":[\"https:\\\/\\\/apps.oqtradetech.com\\\/en\\\/apps\\\/indicator-trend-dashboard\\\/\"]}]},{\"@type\":\"ImageObject\",\"inLanguage\":\"en-US\",\"@id\":\"https:\\\/\\\/apps.oqtradetech.com\\\/en\\\/apps\\\/indicator-trend-dashboard\\\/#primaryimage\",\"url\":\"https:\\\/\\\/apps.oqtradetech.com\\\/wp-content\\\/uploads\\\/TrendDashboard-1.png\",\"contentUrl\":\"https:\\\/\\\/apps.oqtradetech.com\\\/wp-content\\\/uploads\\\/TrendDashboard-1.png\",\"width\":1132,\"height\":699},{\"@type\":\"BreadcrumbList\",\"@id\":\"https:\\\/\\\/apps.oqtradetech.com\\\/en\\\/apps\\\/indicator-trend-dashboard\\\/#breadcrumb\",\"itemListElement\":[{\"@type\":\"ListItem\",\"position\":1,\"name\":\"Portada\",\"item\":\"https:\\\/\\\/apps.oqtradetech.com\\\/en\\\/\"},{\"@type\":\"ListItem\",\"position\":2,\"name\":\"APPs\",\"item\":\"https:\\\/\\\/apps.oqtradetech.com\\\/en\\\/apps\\\/\"},{\"@type\":\"ListItem\",\"position\":3,\"name\":\"Indicador Trend Dashboard\"}]},{\"@type\":\"WebSite\",\"@id\":\"https:\\\/\\\/apps.oqtradetech.com\\\/en\\\/#website\",\"url\":\"https:\\\/\\\/apps.oqtradetech.com\\\/en\\\/\",\"name\":\"OQ Trading Technology\",\"description\":\"\",\"publisher\":{\"@id\":\"https:\\\/\\\/apps.oqtradetech.com\\\/en\\\/#organization\"},\"potentialAction\":[{\"@type\":\"SearchAction\",\"target\":{\"@type\":\"EntryPoint\",\"urlTemplate\":\"https:\\\/\\\/apps.oqtradetech.com\\\/en\\\/?s={search_term_string}\"},\"query-input\":{\"@type\":\"PropertyValueSpecification\",\"valueRequired\":true,\"valueName\":\"search_term_string\"}}],\"inLanguage\":\"en-US\"},{\"@type\":\"Organization\",\"@id\":\"https:\\\/\\\/apps.oqtradetech.com\\\/en\\\/#organization\",\"name\":\"OQ Trading Technology\",\"url\":\"https:\\\/\\\/apps.oqtradetech.com\\\/en\\\/\",\"logo\":{\"@type\":\"ImageObject\",\"inLanguage\":\"en-US\",\"@id\":\"https:\\\/\\\/apps.oqtradetech.com\\\/en\\\/#\\\/schema\\\/logo\\\/image\\\/\",\"url\":\"https:\\\/\\\/apps.oqtradetech.com\\\/wp-content\\\/uploads\\\/favicon.png\",\"contentUrl\":\"https:\\\/\\\/apps.oqtradetech.com\\\/wp-content\\\/uploads\\\/favicon.png\",\"width\":230,\"height\":230,\"caption\":\"OQ Trading Technology\"},\"image\":{\"@id\":\"https:\\\/\\\/apps.oqtradetech.com\\\/en\\\/#\\\/schema\\\/logo\\\/image\\\/\"}}]}<\/script>\n<!-- \/ Yoast SEO plugin. -->","yoast_head_json":{"title":"Indicador Trend Dashboard - OQ Trading Technology","description":"It is no longer necessary to waste time creating several indicator configurations in many charts and time frames. The Trend Dashboard Indicator provides a consolidated view of the analysis made with the most common trend indicators.","robots":{"index":"index","follow":"follow","max-snippet":"max-snippet:-1","max-image-preview":"max-image-preview:large","max-video-preview":"max-video-preview:-1"},"canonical":"https:\/\/apps.oqtradetech.com\/en\/apps\/indicator-trend-dashboard\/","og_locale":"en_US","og_type":"article","og_title":"Indicador Trend Dashboard - OQ Trading Technology","og_description":"It is no longer necessary to waste time creating several indicator configurations in many charts and time frames. The Trend Dashboard Indicator provides a consolidated view of the analysis made with the most common trend indicators.","og_url":"https:\/\/apps.oqtradetech.com\/en\/apps\/indicator-trend-dashboard\/","og_site_name":"OQ Trading Technology","article_modified_time":"2025-03-16T00:34:46+00:00","og_image":[{"width":1132,"height":699,"url":"https:\/\/apps.oqtradetech.com\/wp-content\/uploads\/TrendDashboard-1.png","type":"image\/png"}],"twitter_card":"summary_large_image","twitter_misc":{"Est. reading time":"2 minutes"},"schema":{"@context":"https:\/\/schema.org","@graph":[{"@type":"WebPage","@id":"https:\/\/apps.oqtradetech.com\/en\/apps\/indicator-trend-dashboard\/","url":"https:\/\/apps.oqtradetech.com\/en\/apps\/indicator-trend-dashboard\/","name":"Indicador Trend Dashboard - OQ Trading Technology","isPartOf":{"@id":"https:\/\/apps.oqtradetech.com\/en\/#website"},"primaryImageOfPage":{"@id":"https:\/\/apps.oqtradetech.com\/en\/apps\/indicator-trend-dashboard\/#primaryimage"},"image":{"@id":"https:\/\/apps.oqtradetech.com\/en\/apps\/indicator-trend-dashboard\/#primaryimage"},"thumbnailUrl":"https:\/\/apps.oqtradetech.com\/wp-content\/uploads\/TrendDashboard-1.png","datePublished":"2020-04-17T14:24:12+00:00","dateModified":"2025-03-16T00:34:46+00:00","description":"It is no longer necessary to waste time creating several indicator configurations in many charts and time frames. The Trend Dashboard Indicator provides a consolidated view of the analysis made with the most common trend indicators.","breadcrumb":{"@id":"https:\/\/apps.oqtradetech.com\/en\/apps\/indicator-trend-dashboard\/#breadcrumb"},"inLanguage":"en-US","potentialAction":[{"@type":"ReadAction","target":["https:\/\/apps.oqtradetech.com\/en\/apps\/indicator-trend-dashboard\/"]}]},{"@type":"ImageObject","inLanguage":"en-US","@id":"https:\/\/apps.oqtradetech.com\/en\/apps\/indicator-trend-dashboard\/#primaryimage","url":"https:\/\/apps.oqtradetech.com\/wp-content\/uploads\/TrendDashboard-1.png","contentUrl":"https:\/\/apps.oqtradetech.com\/wp-content\/uploads\/TrendDashboard-1.png","width":1132,"height":699},{"@type":"BreadcrumbList","@id":"https:\/\/apps.oqtradetech.com\/en\/apps\/indicator-trend-dashboard\/#breadcrumb","itemListElement":[{"@type":"ListItem","position":1,"name":"Portada","item":"https:\/\/apps.oqtradetech.com\/en\/"},{"@type":"ListItem","position":2,"name":"APPs","item":"https:\/\/apps.oqtradetech.com\/en\/apps\/"},{"@type":"ListItem","position":3,"name":"Indicador Trend Dashboard"}]},{"@type":"WebSite","@id":"https:\/\/apps.oqtradetech.com\/en\/#website","url":"https:\/\/apps.oqtradetech.com\/en\/","name":"OQ Trading Technology","description":"","publisher":{"@id":"https:\/\/apps.oqtradetech.com\/en\/#organization"},"potentialAction":[{"@type":"SearchAction","target":{"@type":"EntryPoint","urlTemplate":"https:\/\/apps.oqtradetech.com\/en\/?s={search_term_string}"},"query-input":{"@type":"PropertyValueSpecification","valueRequired":true,"valueName":"search_term_string"}}],"inLanguage":"en-US"},{"@type":"Organization","@id":"https:\/\/apps.oqtradetech.com\/en\/#organization","name":"OQ Trading Technology","url":"https:\/\/apps.oqtradetech.com\/en\/","logo":{"@type":"ImageObject","inLanguage":"en-US","@id":"https:\/\/apps.oqtradetech.com\/en\/#\/schema\/logo\/image\/","url":"https:\/\/apps.oqtradetech.com\/wp-content\/uploads\/favicon.png","contentUrl":"https:\/\/apps.oqtradetech.com\/wp-content\/uploads\/favicon.png","width":230,"height":230,"caption":"OQ Trading Technology"},"image":{"@id":"https:\/\/apps.oqtradetech.com\/en\/#\/schema\/logo\/image\/"}}]}},"_links":{"self":[{"href":"https:\/\/apps.oqtradetech.com\/en\/wp-json\/wp\/v2\/product\/3680","targetHints":{"allow":["GET"]}}],"collection":[{"href":"https:\/\/apps.oqtradetech.com\/en\/wp-json\/wp\/v2\/product"}],"about":[{"href":"https:\/\/apps.oqtradetech.com\/en\/wp-json\/wp\/v2\/types\/product"}],"replies":[{"embeddable":true,"href":"https:\/\/apps.oqtradetech.com\/en\/wp-json\/wp\/v2\/comments?post=3680"}],"wp:featuredmedia":[{"embeddable":true,"href":"https:\/\/apps.oqtradetech.com\/en\/wp-json\/wp\/v2\/media\/3574"}],"wp:attachment":[{"href":"https:\/\/apps.oqtradetech.com\/en\/wp-json\/wp\/v2\/media?parent=3680"}],"wp:term":[{"taxonomy":"product_brand","embeddable":true,"href":"https:\/\/apps.oqtradetech.com\/en\/wp-json\/wp\/v2\/product_brand?post=3680"},{"taxonomy":"product_cat","embeddable":true,"href":"https:\/\/apps.oqtradetech.com\/en\/wp-json\/wp\/v2\/product_cat?post=3680"},{"taxonomy":"product_tag","embeddable":true,"href":"https:\/\/apps.oqtradetech.com\/en\/wp-json\/wp\/v2\/product_tag?post=3680"}],"curies":[{"name":"wp","href":"https:\/\/api.w.org\/{rel}","templated":true}]}}